{"id":10,"date":"2019-07-10T17:08:09","date_gmt":"2019-07-10T17:08:09","guid":{"rendered":"http:\/\/barfinesse.de\/?page_id=10"},"modified":"2024-02-22T14:01:01","modified_gmt":"2024-02-22T14:01:01","slug":"startseite","status":"publish","type":"page","link":"http:\/\/barfinesse.de\/","title":{"rendered":"Herzlich Willkommen bei B.A.R.F.inesse!"},"content":{"rendered":"\n<p class=\"wp-block-paragraph\">Ern\u00e4hrungsberatung f\u00fcr Hunde, Premium BARF Fleisch und Zus\u00e4tze, Halsb\u00e4nder und Leinen, Liegepl\u00e4tze, N\u00e4pfe und Spielsachen &#8211; alles f\u00fcr Ihren Liebling im Gro\u00dfraum N\u00fcrnberg und F\u00fcrth.<\/p>\n\n\n\n<figure class=\"wp-block-image size-large is-resized\"><img loading=\"lazy\" decoding=\"async\" width=\"397\" height=\"265\" src=\"http:\/\/barfinesse.de\/wp-content\/uploads\/2020\/04\/Laden.jpg\" alt=\"b.a.r.f.inesse Laden Innenansicht\" class=\"wp-image-50\" style=\"width:520px;height:347px\" srcset=\"http:\/\/barfinesse.de\/wp-content\/uploads\/2020\/04\/Laden.jpg 397w, http:\/\/barfinesse.de\/wp-content\/uploads\/2020\/04\/Laden-300x200.jpg 300w\" sizes=\"auto, (max-width: 397px) 100vw, 397px\" \/><\/figure>\n\n\n\n<p class=\"wp-block-paragraph\">Hier entsteht in K\u00fcrze der Internetauftritt f\u00fcr B.A.R.F.inesse Inh. Claudia Wassner<\/p>\n\n\n\n<p class=\"wp-block-paragraph\"><strong>Anschrift:<\/strong><br> B.A.R.F.inesse<br> Inh. Claudia Wassner<br> Fischbacher Hauptstr. 182<br> 90475 N\u00fcrnberg<\/p>\n\n\n\n<p class=\"wp-block-paragraph\"><strong>Kontakt:<\/strong><br>Telefon 0911 \/ 96 45 73 77<br> E-Mail info@barfinesse.de<\/p>\n\n\n\n<p class=\"has-black-color has-text-color wp-block-paragraph\"><strong>Herzlich Willkommen!<\/strong><br>Donnerstag + Freitag 10:00 &#8211; 18:00 Uhr<br>Samstag 10:00 &#8211; 12:00 Uhr<br>Montag &#8211; Mittwoch geschlossen<br>Termine nach Absprache jederzeit m\u00f6glich.<br><\/p>\n\n\n\n<h2 class=\"wp-block-heading has-text-color has-medium-font-size\" style=\"color:#62b503\"><strong>Die Geschenkidee: Ein B.A.R.F.iness-Gutschein!<\/strong><\/h2>\n\n\n\n<figure class=\"wp-block-image size-large\"><img loading=\"lazy\" decoding=\"async\" width=\"833\" height=\"394\" src=\"http:\/\/barfinesse.de\/wp-content\/uploads\/2020\/12\/Gutscheintitel-Internet.jpg\" alt=\"\" class=\"wp-image-66\" srcset=\"http:\/\/barfinesse.de\/wp-content\/uploads\/2020\/12\/Gutscheintitel-Internet.jpg 833w, http:\/\/barfinesse.de\/wp-content\/uploads\/2020\/12\/Gutscheintitel-Internet-300x142.jpg 300w, http:\/\/barfinesse.de\/wp-content\/uploads\/2020\/12\/Gutscheintitel-Internet-768x363.jpg 768w\" sizes=\"auto, (max-width: 833px) 100vw, 833px\" \/><\/figure>\n\n\n\n<p class=\"wp-block-paragraph\"><strong>Ich freue mich auf Ihren Besuch!<\/strong><\/p>\n\n\n\n<p class=\"wp-block-paragraph\">Ihre Claudia Wassner<\/p>\n","protected":false},"excerpt":{"rendered":"<p>Ern\u00e4hrungsberatung f\u00fcr Hunde, Premium BARF Fleisch und Zus\u00e4tze, Halsb\u00e4nder und Leinen, Liegepl\u00e4tze, N\u00e4pfe und Spielsachen &#8211; alles f\u00fcr Ihren Liebling im Gro\u00dfraum N\u00fcrnberg und F\u00fcrth. Hier entsteht in K\u00fcrze der Internetauftritt f\u00fcr B.A.R.F.inesse Inh. Claudia Wassner Anschrift: B.A.R.F.inesse Inh. Claudia Wassner Fischbacher Hauptstr. 182 90475 N\u00fcrnberg Kontakt:Telefon 0911 \/ 96 45 73 77 E-Mail info@barfinesse.de [&hellip;]<\/p>\n","protected":false},"author":1,"featured_media":0,"parent":0,"menu_order":0,"comment_status":"closed","ping_status":"closed","template":"","meta":{"_crdt_document":"","footnotes":""},"class_list":["post-10","page","type-page","status-publish","hentry"],"_links":{"self":[{"href":"http:\/\/barfinesse.de\/index.php?rest_route=\/wp\/v2\/pages\/10","targetHints":{"allow":["GET"]}}],"collection":[{"href":"http:\/\/barfinesse.de\/index.php?rest_route=\/wp\/v2\/pages"}],"about":[{"href":"http:\/\/barfinesse.de\/index.php?rest_route=\/wp\/v2\/types\/page"}],"author":[{"embeddable":true,"href":"http:\/\/barfinesse.de\/index.php?rest_route=\/wp\/v2\/users\/1"}],"replies":[{"embeddable":true,"href":"http:\/\/barfinesse.de\/index.php?rest_route=%2Fwp%2Fv2%2Fcomments&post=10"}],"version-history":[{"count":42,"href":"http:\/\/barfinesse.de\/index.php?rest_route=\/wp\/v2\/pages\/10\/revisions"}],"predecessor-version":[{"id":144,"href":"http:\/\/barfinesse.de\/index.php?rest_route=\/wp\/v2\/pages\/10\/revisions\/144"}],"wp:attachment":[{"href":"http:\/\/barfinesse.de\/index.php?rest_route=%2Fwp%2Fv2%2Fmedia&parent=10"}],"curies":[{"name":"wp","href":"https:\/\/api.w.org\/{rel}","templated":true}]}}